{"id":1540,"date":"2026-01-19T12:37:51","date_gmt":"2026-01-19T11:37:51","guid":{"rendered":"https:\/\/gpp-vanes.com\/produkt\/becker-oem-90137200007-wn124-195\/"},"modified":"2026-01-19T12:44:47","modified_gmt":"2026-01-19T11:44:47","slug":"becker-oem-90137200007-wn124-195","status":"publish","type":"product","link":"https:\/\/gpp-vanes.com\/en\/product\/becker-oem-90137200007-wn124-195\/","title":{"rendered":"Becker | OEM: 90137200007 \/ WN124-195"},"content":{"rendered":"<p>Becker | OEM: 90137200007 \/ WN124-195<\/p>\n<p>Zamiennik \u0142opatek do pomp pr\u00f3\u017cniowych Becker<\/p>\n<p>Pasuj\u0105 do modeli:<\/p>\n<p>DT \/ VT 3.60<\/p>\n<p>T 3.60 DSK<\/p>\n<p>Wymiar 115 x 49 x 4 mm<\/p>\n<p>Ilo\u015b\u0107: 7 sztuk<\/p>\n<p>You may also be interested in:<\/p>\n<p><a href=\"https:\/\/gpp-poland.com\/\">Spare parts for printing machines<\/a><\/p>\n<p><a href=\"https:\/\/gpp-electronics.com\/en\/\">Electronic repair for printing and industrial machines<\/a><\/p>\n<p><a href=\"https:\/\/gpp-vanes.com\/en\/\">Consumable parts for vacuum pumps<\/a><\/p>\n","protected":false},"excerpt":{"rendered":"<p>Becker | OEM: 90137200007 \/ WN124-195 Zamiennik \u0142opatek do pomp pr\u00f3\u017cniowych Becker Pasuj\u0105 do modeli: DT \/ VT 3.60 T 3.60 DSK Wymiar 115 x 49 x 4 mm Ilo\u015b\u0107:&hellip;<\/p>\n","protected":false},"featured_media":1827,"template":"","meta":[],"product_brand":[],"product_cat":[2665],"product_tag":[],"class_list":{"0":"post-1540","1":"product","2":"type-product","3":"status-publish","4":"has-post-thumbnail","6":"product_cat-carbon-vanes","7":"pa_grubosc-4mm-en","8":"pa_marka-becker-en","9":"pa_model-pompy-dt-3-60-en","10":"pa_model-pompy-t-3-60-dsk-en","11":"pa_model-pompy-vt-3-60-en","12":"pa_numer-lopatki-wn124-195-en","13":"pa_wymiar-lopatki-115-49-4-en","15":"first","16":"instock","17":"shipping-taxable","18":"product-type-simple","19":"layout-style-1","20":"col-md-4 col-sm-4 col-xs-6","21":"col-lg-4","22":"product-style-addtocart"},"yoast_head":"<!-- This site is optimized with the Yoast SEO plugin v24.3 - https:\/\/yoast.com\/wordpress\/plugins\/seo\/ -->\n<title>Becker | OEM: 90137200007 \/ WN124-195 - GPP Vanes<\/title>\n<meta name=\"robots\" content=\"index, follow, max-snippet:-1, max-image-preview:large, max-video-preview:-1\" \/>\n<link rel=\"canonical\" href=\"https:\/\/gpp-vanes.com\/product\/becker-oem-90137200007-wn124-195\/\" \/>\n<meta property=\"og:locale\" content=\"en_US\" \/>\n<meta property=\"og:type\" content=\"article\" \/>\n<meta property=\"og:title\" content=\"Becker | OEM: 90137200007 \/ WN124-195 - GPP Vanes\" \/>\n<meta property=\"og:description\" content=\"Becker | OEM: 90137200007 \/ WN124-195 Zamiennik \u0142opatek do pomp pr\u00f3\u017cniowych Becker Pasuj\u0105 do modeli: DT \/ VT 3.60 T 3.60 DSK Wymiar 115 x 49 x 4 mm Ilo\u015b\u0107:&hellip;\" \/>\n<meta property=\"og:url\" content=\"https:\/\/gpp-vanes.com\/product\/becker-oem-90137200007-wn124-195\/\" \/>\n<meta property=\"og:site_name\" content=\"GPP Vanes\" \/>\n<meta property=\"article:modified_time\" content=\"2026-01-19T11:44:47+00:00\" \/>\n<meta property=\"og:image\" content=\"https:\/\/gpp-vanes.com\/wp-content\/uploads\/2026\/01\/1-3.jpg\" \/>\n\t<meta property=\"og:image:width\" content=\"640\" \/>\n\t<meta property=\"og:image:height\" content=\"427\" \/>\n\t<meta property=\"og:image:type\" content=\"image\/jpeg\" \/>\n<meta name=\"twitter:card\" content=\"summary_large_image\" \/>\n<meta name=\"twitter:label1\" content=\"Est. reading time\" \/>\n\t<meta name=\"twitter:data1\" content=\"1 minute\" \/>\n<script type=\"application\/ld+json\" class=\"yoast-schema-graph\">{\"@context\":\"https:\/\/schema.org\",\"@graph\":[{\"@type\":\"WebPage\",\"@id\":\"https:\/\/gpp-vanes.com\/product\/becker-oem-90137200007-wn124-195\/\",\"url\":\"https:\/\/gpp-vanes.com\/product\/becker-oem-90137200007-wn124-195\/\",\"name\":\"Becker | OEM: 90137200007 \/ WN124-195 - GPP Vanes\",\"isPartOf\":{\"@id\":\"https:\/\/gpp-vanes.com\/#website\"},\"primaryImageOfPage\":{\"@id\":\"https:\/\/gpp-vanes.com\/product\/becker-oem-90137200007-wn124-195\/#primaryimage\"},\"image\":{\"@id\":\"https:\/\/gpp-vanes.com\/product\/becker-oem-90137200007-wn124-195\/#primaryimage\"},\"thumbnailUrl\":\"https:\/\/gpp-vanes.com\/wp-content\/uploads\/2026\/01\/lopatki-grafitowe-becker-90137200007-wn124-195-1.jpg\",\"datePublished\":\"2026-01-19T11:37:51+00:00\",\"dateModified\":\"2026-01-19T11:44:47+00:00\",\"breadcrumb\":{\"@id\":\"https:\/\/gpp-vanes.com\/product\/becker-oem-90137200007-wn124-195\/#breadcrumb\"},\"inLanguage\":\"en-US\",\"potentialAction\":[{\"@type\":\"ReadAction\",\"target\":[\"https:\/\/gpp-vanes.com\/product\/becker-oem-90137200007-wn124-195\/\"]}]},{\"@type\":\"ImageObject\",\"inLanguage\":\"en-US\",\"@id\":\"https:\/\/gpp-vanes.com\/product\/becker-oem-90137200007-wn124-195\/#primaryimage\",\"url\":\"https:\/\/gpp-vanes.com\/wp-content\/uploads\/2026\/01\/lopatki-grafitowe-becker-90137200007-wn124-195-1.jpg\",\"contentUrl\":\"https:\/\/gpp-vanes.com\/wp-content\/uploads\/2026\/01\/lopatki-grafitowe-becker-90137200007-wn124-195-1.jpg\",\"width\":640,\"height\":427,\"caption\":\"\u0141opatki grafitowe Becker 90137200007, WN124-195, 115x49x4 mm\"},{\"@type\":\"BreadcrumbList\",\"@id\":\"https:\/\/gpp-vanes.com\/product\/becker-oem-90137200007-wn124-195\/#breadcrumb\",\"itemListElement\":[{\"@type\":\"ListItem\",\"position\":1,\"name\":\"Strona g\u0142\u00f3wna\",\"item\":\"https:\/\/gpp-vanes.com\/en\/\"},{\"@type\":\"ListItem\",\"position\":2,\"name\":\"Shop\",\"item\":\"https:\/\/gpp-vanes.com\/oferta\/\"},{\"@type\":\"ListItem\",\"position\":3,\"name\":\"Becker | OEM: 90137200007 \/ WN124-195\"}]},{\"@type\":\"WebSite\",\"@id\":\"https:\/\/gpp-vanes.com\/#website\",\"url\":\"https:\/\/gpp-vanes.com\/\",\"name\":\"GPP Vanes\",\"description\":\"\",\"potentialAction\":[{\"@type\":\"SearchAction\",\"target\":{\"@type\":\"EntryPoint\",\"urlTemplate\":\"https:\/\/gpp-vanes.com\/?s={search_term_string}\"},\"query-input\":{\"@type\":\"PropertyValueSpecification\",\"valueRequired\":true,\"valueName\":\"search_term_string\"}}],\"inLanguage\":\"en-US\"}]}<\/script>\n<!-- \/ Yoast SEO plugin. -->","yoast_head_json":{"title":"Becker | OEM: 90137200007 \/ WN124-195 - GPP Vanes","robots":{"index":"index","follow":"follow","max-snippet":"max-snippet:-1","max-image-preview":"max-image-preview:large","max-video-preview":"max-video-preview:-1"},"canonical":"https:\/\/gpp-vanes.com\/product\/becker-oem-90137200007-wn124-195\/","og_locale":"en_US","og_type":"article","og_title":"Becker | OEM: 90137200007 \/ WN124-195 - GPP Vanes","og_description":"Becker | OEM: 90137200007 \/ WN124-195 Zamiennik \u0142opatek do pomp pr\u00f3\u017cniowych Becker Pasuj\u0105 do modeli: DT \/ VT 3.60 T 3.60 DSK Wymiar 115 x 49 x 4 mm Ilo\u015b\u0107:&hellip;","og_url":"https:\/\/gpp-vanes.com\/product\/becker-oem-90137200007-wn124-195\/","og_site_name":"GPP Vanes","article_modified_time":"2026-01-19T11:44:47+00:00","og_image":[{"width":640,"height":427,"url":"https:\/\/gpp-vanes.com\/wp-content\/uploads\/2026\/01\/1-3.jpg","type":"image\/jpeg"}],"twitter_card":"summary_large_image","twitter_misc":{"Est. reading time":"1 minute"},"schema":{"@context":"https:\/\/schema.org","@graph":[{"@type":"WebPage","@id":"https:\/\/gpp-vanes.com\/product\/becker-oem-90137200007-wn124-195\/","url":"https:\/\/gpp-vanes.com\/product\/becker-oem-90137200007-wn124-195\/","name":"Becker | OEM: 90137200007 \/ WN124-195 - GPP Vanes","isPartOf":{"@id":"https:\/\/gpp-vanes.com\/#website"},"primaryImageOfPage":{"@id":"https:\/\/gpp-vanes.com\/product\/becker-oem-90137200007-wn124-195\/#primaryimage"},"image":{"@id":"https:\/\/gpp-vanes.com\/product\/becker-oem-90137200007-wn124-195\/#primaryimage"},"thumbnailUrl":"https:\/\/gpp-vanes.com\/wp-content\/uploads\/2026\/01\/lopatki-grafitowe-becker-90137200007-wn124-195-1.jpg","datePublished":"2026-01-19T11:37:51+00:00","dateModified":"2026-01-19T11:44:47+00:00","breadcrumb":{"@id":"https:\/\/gpp-vanes.com\/product\/becker-oem-90137200007-wn124-195\/#breadcrumb"},"inLanguage":"en-US","potentialAction":[{"@type":"ReadAction","target":["https:\/\/gpp-vanes.com\/product\/becker-oem-90137200007-wn124-195\/"]}]},{"@type":"ImageObject","inLanguage":"en-US","@id":"https:\/\/gpp-vanes.com\/product\/becker-oem-90137200007-wn124-195\/#primaryimage","url":"https:\/\/gpp-vanes.com\/wp-content\/uploads\/2026\/01\/lopatki-grafitowe-becker-90137200007-wn124-195-1.jpg","contentUrl":"https:\/\/gpp-vanes.com\/wp-content\/uploads\/2026\/01\/lopatki-grafitowe-becker-90137200007-wn124-195-1.jpg","width":640,"height":427,"caption":"\u0141opatki grafitowe Becker 90137200007, WN124-195, 115x49x4 mm"},{"@type":"BreadcrumbList","@id":"https:\/\/gpp-vanes.com\/product\/becker-oem-90137200007-wn124-195\/#breadcrumb","itemListElement":[{"@type":"ListItem","position":1,"name":"Strona g\u0142\u00f3wna","item":"https:\/\/gpp-vanes.com\/en\/"},{"@type":"ListItem","position":2,"name":"Shop","item":"https:\/\/gpp-vanes.com\/oferta\/"},{"@type":"ListItem","position":3,"name":"Becker | OEM: 90137200007 \/ WN124-195"}]},{"@type":"WebSite","@id":"https:\/\/gpp-vanes.com\/#website","url":"https:\/\/gpp-vanes.com\/","name":"GPP Vanes","description":"","potentialAction":[{"@type":"SearchAction","target":{"@type":"EntryPoint","urlTemplate":"https:\/\/gpp-vanes.com\/?s={search_term_string}"},"query-input":{"@type":"PropertyValueSpecification","valueRequired":true,"valueName":"search_term_string"}}],"inLanguage":"en-US"}]}},"_links":{"self":[{"href":"https:\/\/gpp-vanes.com\/en\/wp-json\/wp\/v2\/product\/1540","targetHints":{"allow":["GET"]}}],"collection":[{"href":"https:\/\/gpp-vanes.com\/en\/wp-json\/wp\/v2\/product"}],"about":[{"href":"https:\/\/gpp-vanes.com\/en\/wp-json\/wp\/v2\/types\/product"}],"wp:featuredmedia":[{"embeddable":true,"href":"https:\/\/gpp-vanes.com\/en\/wp-json\/wp\/v2\/media\/1827"}],"wp:attachment":[{"href":"https:\/\/gpp-vanes.com\/en\/wp-json\/wp\/v2\/media?parent=1540"}],"wp:term":[{"taxonomy":"product_brand","embeddable":true,"href":"https:\/\/gpp-vanes.com\/en\/wp-json\/wp\/v2\/product_brand?post=1540"},{"taxonomy":"product_cat","embeddable":true,"href":"https:\/\/gpp-vanes.com\/en\/wp-json\/wp\/v2\/product_cat?post=1540"},{"taxonomy":"product_tag","embeddable":true,"href":"https:\/\/gpp-vanes.com\/en\/wp-json\/wp\/v2\/product_tag?post=1540"}],"curies":[{"name":"wp","href":"https:\/\/api.w.org\/{rel}","templated":true}]}}