{"id":1519,"date":"2026-01-19T10:41:05","date_gmt":"2026-01-19T09:41:05","guid":{"rendered":"https:\/\/gpp-vanes.com\/produkt\/becker-oem-90133400004-wn124-031\/"},"modified":"2026-01-19T10:41:05","modified_gmt":"2026-01-19T09:41:05","slug":"becker-oem-90133400004-wn124-031","status":"publish","type":"product","link":"https:\/\/gpp-vanes.com\/en\/product\/becker-oem-90133400004-wn124-031\/","title":{"rendered":"Becker | OEM: 90133400004 \/ WN124-031"},"content":{"rendered":"<p>Becker | OEM: 90133400004 \/ WN124-031<\/p>\n<p>Replacement blades for Becker vacuum pumps<\/p>\n<p>Fits models:<\/p>\n<p>KDT \/ KVT 2.140<\/p>\n<p>KDT \/ KVT 3.140<\/p>\n<p>KL 1.140<\/p>\n<p>Dimensions 240 x 48 x 4 mm<\/p>\n<p>Ilo\u015b\u0107: 4 sztuk<\/p>\n<p><strong>You may also be interested in:<\/strong><\/p>\n<p><a href=\"https:\/\/gpp-vanes.com\/en\">Consumable parts for vacuum pumps<\/a><\/p>\n<p><a href=\"https:\/\/gpp-poland.com\">Spare parts for printing machines<\/a><\/p>\n<p><a href=\"https:\/\/gpp-electronics.com\/en\">Electronics <\/a><a href=\"https:\/\/gpp-electronics.com\/en\">repair for printing and industrial machines<\/a><\/p>\n","protected":false},"excerpt":{"rendered":"<p>Becker | OEM: 90133400004 \/ WN124-031 Replacement blades for Becker vacuum pumps Fits models: KDT \/ KVT 2.140 KDT \/ KVT 3.140 KL 1.140 Dimensions 240 x 48 x 4&hellip;<\/p>\n","protected":false},"featured_media":1542,"template":"","meta":[],"product_brand":[],"product_cat":[2665],"product_tag":[],"class_list":{"0":"post-1519","1":"product","2":"type-product","3":"status-publish","4":"has-post-thumbnail","6":"product_cat-carbon-vanes","7":"pa_grubosc-4mm-en","8":"pa_marka-becker-en","9":"pa_model-pompy-kdt-2-140-en","10":"pa_model-pompy-kdt-3-140-en","11":"pa_model-pompy-kl-1-140-en","12":"pa_model-pompy-kvt-2-140-en","13":"pa_model-pompy-kvt-3-140-en","14":"pa_numer-lopatki-wn124-031-en","15":"pa_wymiar-lopatki-240-48-4-en","17":"first","18":"instock","19":"shipping-taxable","20":"product-type-simple","21":"layout-style-1","22":"col-md-4 col-sm-4 col-xs-6","23":"col-lg-4","24":"product-style-addtocart"},"yoast_head":"<!-- This site is optimized with the Yoast SEO plugin v24.3 - https:\/\/yoast.com\/wordpress\/plugins\/seo\/ -->\n<title>Becker | OEM: 90133400004 \/ WN124-031 - GPP Vanes<\/title>\n<meta name=\"description\" content=\"Zamiennik \u0142opatek do pomp pr\u00f3\u017cniowych Becker, OEM 90133400004 \/ WN124-031. Modele KDT\/KVT 2.140, KDT\/KVT 3.140, KL 1.140. Wymiary 240 \u00d7 48 \u00d7 4 mm.\" \/>\n<meta name=\"robots\" content=\"index, follow, max-snippet:-1, max-image-preview:large, max-video-preview:-1\" \/>\n<link rel=\"canonical\" href=\"https:\/\/gpp-vanes.com\/en\/product\/becker-oem-90133400004-wn124-031\/\" \/>\n<meta property=\"og:locale\" content=\"en_US\" \/>\n<meta property=\"og:type\" content=\"article\" \/>\n<meta property=\"og:title\" content=\"Becker | OEM: 90133400004 \/ WN124-031 - GPP Vanes\" \/>\n<meta property=\"og:description\" content=\"Zamiennik \u0142opatek do pomp pr\u00f3\u017cniowych Becker, OEM 90133400004 \/ WN124-031. Modele KDT\/KVT 2.140, KDT\/KVT 3.140, KL 1.140. Wymiary 240 \u00d7 48 \u00d7 4 mm.\" \/>\n<meta property=\"og:url\" content=\"https:\/\/gpp-vanes.com\/en\/product\/becker-oem-90133400004-wn124-031\/\" \/>\n<meta property=\"og:site_name\" content=\"GPP Vanes\" \/>\n<meta property=\"og:image\" content=\"https:\/\/gpp-vanes.com\/wp-content\/uploads\/2026\/01\/lopatki-grafitowe-becker-zamiennik-oem-90133400004-wn124-031-240x48x4-3.jpg\" \/>\n\t<meta property=\"og:image:width\" content=\"640\" \/>\n\t<meta property=\"og:image:height\" content=\"427\" \/>\n\t<meta property=\"og:image:type\" content=\"image\/jpeg\" \/>\n<meta name=\"twitter:card\" content=\"summary_large_image\" \/>\n<script type=\"application\/ld+json\" class=\"yoast-schema-graph\">{\"@context\":\"https:\/\/schema.org\",\"@graph\":[{\"@type\":\"WebPage\",\"@id\":\"https:\/\/gpp-vanes.com\/en\/product\/becker-oem-90133400004-wn124-031\/\",\"url\":\"https:\/\/gpp-vanes.com\/en\/product\/becker-oem-90133400004-wn124-031\/\",\"name\":\"Becker | OEM: 90133400004 \/ WN124-031 - GPP Vanes\",\"isPartOf\":{\"@id\":\"https:\/\/gpp-vanes.com\/#website\"},\"primaryImageOfPage\":{\"@id\":\"https:\/\/gpp-vanes.com\/en\/product\/becker-oem-90133400004-wn124-031\/#primaryimage\"},\"image\":{\"@id\":\"https:\/\/gpp-vanes.com\/en\/product\/becker-oem-90133400004-wn124-031\/#primaryimage\"},\"thumbnailUrl\":\"https:\/\/gpp-vanes.com\/wp-content\/uploads\/2026\/01\/becker-oem-90133400004-wn124-031-lopatki-pompa-prozniowa.jpg\",\"datePublished\":\"2026-01-19T09:41:05+00:00\",\"dateModified\":\"2026-01-19T09:41:05+00:00\",\"description\":\"Zamiennik \u0142opatek do pomp pr\u00f3\u017cniowych Becker, OEM 90133400004 \/ WN124-031. Modele KDT\/KVT 2.140, KDT\/KVT 3.140, KL 1.140. Wymiary 240 \u00d7 48 \u00d7 4 mm.\",\"breadcrumb\":{\"@id\":\"https:\/\/gpp-vanes.com\/en\/product\/becker-oem-90133400004-wn124-031\/#breadcrumb\"},\"inLanguage\":\"en-US\",\"potentialAction\":[{\"@type\":\"ReadAction\",\"target\":[\"https:\/\/gpp-vanes.com\/en\/product\/becker-oem-90133400004-wn124-031\/\"]}]},{\"@type\":\"ImageObject\",\"inLanguage\":\"en-US\",\"@id\":\"https:\/\/gpp-vanes.com\/en\/product\/becker-oem-90133400004-wn124-031\/#primaryimage\",\"url\":\"https:\/\/gpp-vanes.com\/wp-content\/uploads\/2026\/01\/becker-oem-90133400004-wn124-031-lopatki-pompa-prozniowa.jpg\",\"contentUrl\":\"https:\/\/gpp-vanes.com\/wp-content\/uploads\/2026\/01\/becker-oem-90133400004-wn124-031-lopatki-pompa-prozniowa.jpg\",\"width\":640,\"height\":427,\"caption\":\"Zamiennik \u0142opatek grafitowych do pomp pr\u00f3\u017cniowych Becker OEM 90133400004 WN124-031\"},{\"@type\":\"BreadcrumbList\",\"@id\":\"https:\/\/gpp-vanes.com\/en\/product\/becker-oem-90133400004-wn124-031\/#breadcrumb\",\"itemListElement\":[{\"@type\":\"ListItem\",\"position\":1,\"name\":\"Strona g\u0142\u00f3wna\",\"item\":\"https:\/\/gpp-vanes.com\/en\/\"},{\"@type\":\"ListItem\",\"position\":2,\"name\":\"Shop\",\"item\":\"https:\/\/gpp-vanes.com\/oferta\/\"},{\"@type\":\"ListItem\",\"position\":3,\"name\":\"Becker | OEM: 90133400004 \/ WN124-031\"}]},{\"@type\":\"WebSite\",\"@id\":\"https:\/\/gpp-vanes.com\/#website\",\"url\":\"https:\/\/gpp-vanes.com\/\",\"name\":\"GPP Vanes\",\"description\":\"\",\"potentialAction\":[{\"@type\":\"SearchAction\",\"target\":{\"@type\":\"EntryPoint\",\"urlTemplate\":\"https:\/\/gpp-vanes.com\/?s={search_term_string}\"},\"query-input\":{\"@type\":\"PropertyValueSpecification\",\"valueRequired\":true,\"valueName\":\"search_term_string\"}}],\"inLanguage\":\"en-US\"}]}<\/script>\n<!-- \/ Yoast SEO plugin. -->","yoast_head_json":{"title":"Becker | OEM: 90133400004 \/ WN124-031 - GPP Vanes","description":"Zamiennik \u0142opatek do pomp pr\u00f3\u017cniowych Becker, OEM 90133400004 \/ WN124-031. Modele KDT\/KVT 2.140, KDT\/KVT 3.140, KL 1.140. Wymiary 240 \u00d7 48 \u00d7 4 mm.","robots":{"index":"index","follow":"follow","max-snippet":"max-snippet:-1","max-image-preview":"max-image-preview:large","max-video-preview":"max-video-preview:-1"},"canonical":"https:\/\/gpp-vanes.com\/en\/product\/becker-oem-90133400004-wn124-031\/","og_locale":"en_US","og_type":"article","og_title":"Becker | OEM: 90133400004 \/ WN124-031 - GPP Vanes","og_description":"Zamiennik \u0142opatek do pomp pr\u00f3\u017cniowych Becker, OEM 90133400004 \/ WN124-031. Modele KDT\/KVT 2.140, KDT\/KVT 3.140, KL 1.140. Wymiary 240 \u00d7 48 \u00d7 4 mm.","og_url":"https:\/\/gpp-vanes.com\/en\/product\/becker-oem-90133400004-wn124-031\/","og_site_name":"GPP Vanes","og_image":[{"width":640,"height":427,"url":"https:\/\/gpp-vanes.com\/wp-content\/uploads\/2026\/01\/lopatki-grafitowe-becker-zamiennik-oem-90133400004-wn124-031-240x48x4-3.jpg","type":"image\/jpeg"}],"twitter_card":"summary_large_image","schema":{"@context":"https:\/\/schema.org","@graph":[{"@type":"WebPage","@id":"https:\/\/gpp-vanes.com\/en\/product\/becker-oem-90133400004-wn124-031\/","url":"https:\/\/gpp-vanes.com\/en\/product\/becker-oem-90133400004-wn124-031\/","name":"Becker | OEM: 90133400004 \/ WN124-031 - GPP Vanes","isPartOf":{"@id":"https:\/\/gpp-vanes.com\/#website"},"primaryImageOfPage":{"@id":"https:\/\/gpp-vanes.com\/en\/product\/becker-oem-90133400004-wn124-031\/#primaryimage"},"image":{"@id":"https:\/\/gpp-vanes.com\/en\/product\/becker-oem-90133400004-wn124-031\/#primaryimage"},"thumbnailUrl":"https:\/\/gpp-vanes.com\/wp-content\/uploads\/2026\/01\/becker-oem-90133400004-wn124-031-lopatki-pompa-prozniowa.jpg","datePublished":"2026-01-19T09:41:05+00:00","dateModified":"2026-01-19T09:41:05+00:00","description":"Zamiennik \u0142opatek do pomp pr\u00f3\u017cniowych Becker, OEM 90133400004 \/ WN124-031. Modele KDT\/KVT 2.140, KDT\/KVT 3.140, KL 1.140. Wymiary 240 \u00d7 48 \u00d7 4 mm.","breadcrumb":{"@id":"https:\/\/gpp-vanes.com\/en\/product\/becker-oem-90133400004-wn124-031\/#breadcrumb"},"inLanguage":"en-US","potentialAction":[{"@type":"ReadAction","target":["https:\/\/gpp-vanes.com\/en\/product\/becker-oem-90133400004-wn124-031\/"]}]},{"@type":"ImageObject","inLanguage":"en-US","@id":"https:\/\/gpp-vanes.com\/en\/product\/becker-oem-90133400004-wn124-031\/#primaryimage","url":"https:\/\/gpp-vanes.com\/wp-content\/uploads\/2026\/01\/becker-oem-90133400004-wn124-031-lopatki-pompa-prozniowa.jpg","contentUrl":"https:\/\/gpp-vanes.com\/wp-content\/uploads\/2026\/01\/becker-oem-90133400004-wn124-031-lopatki-pompa-prozniowa.jpg","width":640,"height":427,"caption":"Zamiennik \u0142opatek grafitowych do pomp pr\u00f3\u017cniowych Becker OEM 90133400004 WN124-031"},{"@type":"BreadcrumbList","@id":"https:\/\/gpp-vanes.com\/en\/product\/becker-oem-90133400004-wn124-031\/#breadcrumb","itemListElement":[{"@type":"ListItem","position":1,"name":"Strona g\u0142\u00f3wna","item":"https:\/\/gpp-vanes.com\/en\/"},{"@type":"ListItem","position":2,"name":"Shop","item":"https:\/\/gpp-vanes.com\/oferta\/"},{"@type":"ListItem","position":3,"name":"Becker | OEM: 90133400004 \/ WN124-031"}]},{"@type":"WebSite","@id":"https:\/\/gpp-vanes.com\/#website","url":"https:\/\/gpp-vanes.com\/","name":"GPP Vanes","description":"","potentialAction":[{"@type":"SearchAction","target":{"@type":"EntryPoint","urlTemplate":"https:\/\/gpp-vanes.com\/?s={search_term_string}"},"query-input":{"@type":"PropertyValueSpecification","valueRequired":true,"valueName":"search_term_string"}}],"inLanguage":"en-US"}]}},"_links":{"self":[{"href":"https:\/\/gpp-vanes.com\/en\/wp-json\/wp\/v2\/product\/1519","targetHints":{"allow":["GET"]}}],"collection":[{"href":"https:\/\/gpp-vanes.com\/en\/wp-json\/wp\/v2\/product"}],"about":[{"href":"https:\/\/gpp-vanes.com\/en\/wp-json\/wp\/v2\/types\/product"}],"wp:featuredmedia":[{"embeddable":true,"href":"https:\/\/gpp-vanes.com\/en\/wp-json\/wp\/v2\/media\/1542"}],"wp:attachment":[{"href":"https:\/\/gpp-vanes.com\/en\/wp-json\/wp\/v2\/media?parent=1519"}],"wp:term":[{"taxonomy":"product_brand","embeddable":true,"href":"https:\/\/gpp-vanes.com\/en\/wp-json\/wp\/v2\/product_brand?post=1519"},{"taxonomy":"product_cat","embeddable":true,"href":"https:\/\/gpp-vanes.com\/en\/wp-json\/wp\/v2\/product_cat?post=1519"},{"taxonomy":"product_tag","embeddable":true,"href":"https:\/\/gpp-vanes.com\/en\/wp-json\/wp\/v2\/product_tag?post=1519"}],"curies":[{"name":"wp","href":"https:\/\/api.w.org\/{rel}","templated":true}]}}